{"id":15222,"date":"2022-03-03T23:27:31","date_gmt":"2022-03-03T23:27:31","guid":{"rendered":"https:\/\/academy.hivjustice.net\/?page_id=15222"},"modified":"2023-05-12T15:33:25","modified_gmt":"2023-05-12T14:33:25","slug":"front","status":"publish","type":"page","link":"https:\/\/academy.hivjustice.net\/fr\/","title":{"rendered":"HIV Justice Academy"},"content":{"rendered":"<hr \/>\n<p><span style=\"font-weight: 400;\">L\u2019acad\u00e9mie est un centre mondial d\u2019apprentissage et de ressources, con\u00e7u pour compl\u00e9ter les autres ressources du HIV Justice Network, telles que son site Internet, notamment la base de donn\u00e9es mondiale sur la p\u00e9nalisation du VIH qui r\u00e9pertorie les lois, les affaires p\u00e9nales et les organisations \u00e0 travers le monde. Nous voulons nous assurer que, quelle que soit votre situation, vous disposiez d\u2019informations et de suggestions pratiques pour faire une diff\u00e9rence.<\/span><\/p>\n<p><span style=\"font-weight: 400;\">L\u2019acad\u00e9mie est disponible en anglais, espagnole, fran\u00e7ais et russe.\u00a0<\/span><\/p>\n<hr \/>\n<p><img decoding=\"async\" loading=\"lazy\" class=\"alignnone wp-image-494 size-full\" style=\"width: 200px; height: auto; margin-right: 30px;\" src=\"https:\/\/academy.hivjustice.net\/wp-content\/uploads\/2022\/04\/rcf-logo.jpg\" alt=\"Robert Carr Fund for civil society networks logo\" width=\"251\" height=\"131\" \/><span style=\"font-weight: 400;\">HIV Justice Network est soutenu par une subvention du <\/span><a href=\"https:\/\/robertcarrfund.org\/\"><span style=\"font-weight: 400;\">Robert Carr Fund<\/span><\/a><span style=\"font-weight: 400;\"> accord\u00e9e au <\/span><a href=\"https:\/\/robertcarrfund.org\/networks\/2019-2021\/hiv-justice-global-consortium-1\"><span style=\"font-weight: 400;\">HIV Justice Global Consortium<\/span><\/a><span style=\"font-weight: 400;\">.<\/span><\/p>\n<p>&nbsp;<\/p>\n<p style=\"text-align: left;\"><span style=\"font-weight: 400;\">La contribution financi\u00e8re de l\u2019ONUSIDA pour ce travail est reconnue avec gratitude. Toutefois, le contenu et les id\u00e9es exprim\u00e9es dans ce cours ne refl\u00e8tent pas n\u00e9cessairement les vues et opinions de l\u2019ONUSIDA et n\u2019engagent pas sa responsabilit\u00e9.<\/span><\/p>\n","protected":false},"excerpt":{"rendered":"<div class=\"learndash-wrapper\"><a href=\"https:\/\/academy.hivjustice.net\/fr\/learning\/front\/\" class=\"ld-button ld-button-inline ld-button-small\">Pour en savoir plus <span class=\"ld-icon ld-icon-arrow-right\"><\/span><\/a><\/div>\n","protected":false},"author":1,"featured_media":13250,"parent":0,"menu_order":0,"comment_status":"closed","ping_status":"open","template":"page-home.php","meta":{"site-sidebar-layout":"default","site-content-layout":"default","ast-global-header-display":"","ast-main-header-display":"","ast-hfb-above-header-display":"","ast-hfb-below-header-display":"","ast-hfb-mobile-header-display":"","site-post-title":"","ast-breadcrumbs-content":"","ast-featured-img":"","footer-sml-layout":"","theme-transparent-header-meta":"default","adv-header-id-meta":"","stick-header-meta":"","header-above-stick-meta":"","header-main-stick-meta":"","header-below-stick-meta":""},"acf":[],"wps_subtitle":"","_links":{"self":[{"href":"https:\/\/academy.hivjustice.net\/fr\/wp-json\/wp\/v2\/pages\/15222"}],"collection":[{"href":"https:\/\/academy.hivjustice.net\/fr\/wp-json\/wp\/v2\/pages"}],"about":[{"href":"https:\/\/academy.hivjustice.net\/fr\/wp-json\/wp\/v2\/types\/page"}],"author":[{"embeddable":true,"href":"https:\/\/academy.hivjustice.net\/fr\/wp-json\/wp\/v2\/users\/1"}],"version-history":[{"count":9,"href":"https:\/\/academy.hivjustice.net\/fr\/wp-json\/wp\/v2\/pages\/15222\/revisions"}],"predecessor-version":[{"id":16318,"href":"https:\/\/academy.hivjustice.net\/fr\/wp-json\/wp\/v2\/pages\/15222\/revisions\/16318"}],"wp:featuredmedia":[{"embeddable":true,"href":"https:\/\/academy.hivjustice.net\/fr\/wp-json\/wp\/v2\/media\/13250"}],"wp:attachment":[{"href":"https:\/\/academy.hivjustice.net\/fr\/wp-json\/wp\/v2\/media?parent=15222"}],"curies":[{"name":"wp","href":"https:\/\/api.w.org\/{rel}","templated":true}]}}