{"id":15196,"date":"2022-06-21T00:47:00","date_gmt":"2022-06-20T23:47:00","guid":{"rendered":"https:\/\/academy.hivjustice.net\/action-toolkits\/"},"modified":"2022-11-02T12:59:10","modified_gmt":"2022-11-02T12:59:10","slug":"action-toolkits","status":"publish","type":"page","link":"https:\/\/academy.hivjustice.net\/fr\/action-toolkits\/","title":{"rendered":"Kits d\u2019action"},"content":{"rendered":"<p><span style=\"font-weight: 400;\">Ces kits d\u2019action rassemblent les documents essentiels dont vous avez besoin pour \u00eatre efficace dans votre plaidoyer. Chaque Kit propose des liens utiles et des conseils pratiques, pr\u00eats \u00e0 \u00eatre saisis et utilis\u00e9s.<\/span><\/p>\n<div class=\"toolkit-group-wrap\">\n<div class=\"toolkit-group-item group-defence\" style=\"background-image: url('https:\/\/academy.hivjustice.net\/wp-content\/uploads\/2022\/09\/icon-toolkit-group-defence1.png');\">\n<h2>Kits pour la d\u00e9fense<\/h2>\n<div class=\"teaser\">Avocats de la d\u00e9fense : soyez pr\u00eat(e)s pour le tribunal en un rien de temps gr\u00e2ce aux kits sp\u00e9cialis\u00e9s consacr\u00e9s aux affaires de non-divulgation, d\u2019exposition et de transmission du VIH dans le contexte des rapports sexuels; des crachats et morsures; et de l\u2019allaitement.<\/div>\n<h3><a href=\"https:\/\/academy.hivjustice.net\/fr\/toolkit\/defense-exposition-transmission-du-vih\/\">D\u00e9fense des affaires d\u2019exposition au VIH ou de transmission<\/a><\/h3>\n<h3><a href=\"https:\/\/academy.hivjustice.net\/fr\/toolkit\/defense-morsures-crachats\/\">D\u00e9fense des affaires de morsure et de crachat<\/a><\/h3>\n<h3><a href=\"https:\/\/academy.hivjustice.net\/fr\/toolkit\/defense-allaitement\/\">D\u00e9fense des affaires li\u00e9es \u00e0 l\u2019allaitement<\/a><\/h3>\n<\/div>\n<div class=\"toolkit-group-item group-advocacy\" style=\"background-image: url('https:\/\/academy.hivjustice.net\/wp-content\/uploads\/2022\/09\/icon-toolkit-group-advocacy1.png');\">\n<h2>Kits pour le plaidoyer<\/h2>\n<div class=\"teaser\">Militants : contestez efficacement les lois discriminatoires et punitives, soutenez les personnes vivant avec le VIH et contribuez \u00e0 un monde plus juste gr\u00e2ce \u00e0 des Kits de plaidoyer sur le VIH personnalis\u00e9s.<\/div>\n<h3><a href=\"https:\/\/academy.hivjustice.net\/fr\/toolkit\/campagnes\/\">Campagnes<\/a><\/h3>\n<h3><a href=\"https:\/\/academy.hivjustice.net\/fr\/toolkit\/medias-et-messages\/\">Les m\u00e9dias et la diffusion des messages<\/a><\/h3>\n<h3><a href=\"https:\/\/academy.hivjustice.net\/fr\/toolkit\/plaidoyer-systeme-juridique-penal\/\">Plaidoyer autour du syst\u00e8me juridique p\u00e9nal<\/a><\/h3>\n<\/div>\n<\/div>\n<p><span style=\"font-weight: 400;\">Utilisez les Kits d\u2019action parall\u00e8lement aux autres ressources de l\u2019Acad\u00e9mie dans le cadre du mouvement mondial pour la justice en mati\u00e8re de VIH.<\/span><\/p>\n","protected":false},"excerpt":{"rendered":"<div class=\"learndash-wrapper\"><a href=\"https:\/\/academy.hivjustice.net\/fr\/learning\/action-toolkits\/\" class=\"ld-button ld-button-inline ld-button-small\">Pour en savoir plus <span class=\"ld-icon ld-icon-arrow-right\"><\/span><\/a><\/div>\n","protected":false},"author":1,"featured_media":0,"parent":0,"menu_order":0,"comment_status":"closed","ping_status":"closed","template":"page-action-toolkit-homepage.php","meta":{"site-sidebar-layout":"default","site-content-layout":"default","ast-global-header-display":"","ast-main-header-display":"","ast-hfb-above-header-display":"","ast-hfb-below-header-display":"","ast-hfb-mobile-header-display":"","site-post-title":"","ast-breadcrumbs-content":"","ast-featured-img":"","footer-sml-layout":"","theme-transparent-header-meta":"default","adv-header-id-meta":"","stick-header-meta":"","header-above-stick-meta":"","header-main-stick-meta":"","header-below-stick-meta":""},"acf":[],"wps_subtitle":"Pr\u00eat(e) \u00e0 agir contre la p\u00e9nalisation du VIH?","_links":{"self":[{"href":"https:\/\/academy.hivjustice.net\/fr\/wp-json\/wp\/v2\/pages\/15196"}],"collection":[{"href":"https:\/\/academy.hivjustice.net\/fr\/wp-json\/wp\/v2\/pages"}],"about":[{"href":"https:\/\/academy.hivjustice.net\/fr\/wp-json\/wp\/v2\/types\/page"}],"author":[{"embeddable":true,"href":"https:\/\/academy.hivjustice.net\/fr\/wp-json\/wp\/v2\/users\/1"}],"version-history":[{"count":6,"href":"https:\/\/academy.hivjustice.net\/fr\/wp-json\/wp\/v2\/pages\/15196\/revisions"}],"predecessor-version":[{"id":15221,"href":"https:\/\/academy.hivjustice.net\/fr\/wp-json\/wp\/v2\/pages\/15196\/revisions\/15221"}],"wp:attachment":[{"href":"https:\/\/academy.hivjustice.net\/fr\/wp-json\/wp\/v2\/media?parent=15196"}],"curies":[{"name":"wp","href":"https:\/\/api.w.org\/{rel}","templated":true}]}}