{"id":14645,"date":"2022-09-07T23:43:14","date_gmt":"2022-09-07T22:43:14","guid":{"rendered":"https:\/\/academy.hivjustice.net\/?page_id=14645"},"modified":"2024-03-12T18:16:44","modified_gmt":"2024-03-12T18:16:44","slug":"third-party-courses","status":"publish","type":"page","link":"https:\/\/academy.hivjustice.net\/fr\/third-party-courses\/","title":{"rendered":"Cours et ressources externes"},"content":{"rendered":"<p><span style=\"font-weight: 400;\">Les cours et les supports d\u2019apprentissage suivants sont disponibles aupr\u00e8s d\u2019autres organisations qui travaillent avec nous ou qui travaillent sur des sujets qui sont importants pour nous. Ils s\u2019adressent \u00e0 diff\u00e9rents publics et sont dispens\u00e9s de diverses mani\u00e8res. <\/span><span style=\"font-weight: 400;\">Sauf indication contraire, ces cours sont en anglais.<\/span><\/p>\n","protected":false},"excerpt":{"rendered":"<div class=\"learndash-wrapper\"><a href=\"https:\/\/academy.hivjustice.net\/fr\/learning\/third-party-courses\/\" class=\"ld-button ld-button-inline ld-button-small\">Pour en savoir plus <span class=\"ld-icon ld-icon-arrow-right\"><\/span><\/a><\/div>\n","protected":false},"author":1,"featured_media":0,"parent":0,"menu_order":0,"comment_status":"closed","ping_status":"closed","template":"","meta":{"site-sidebar-layout":"default","site-content-layout":"default","ast-global-header-display":"","ast-main-header-display":"","ast-hfb-above-header-display":"","ast-hfb-below-header-display":"","ast-hfb-mobile-header-display":"","site-post-title":"","ast-breadcrumbs-content":"","ast-featured-img":"","footer-sml-layout":"","theme-transparent-header-meta":"default","adv-header-id-meta":"","stick-header-meta":"","header-above-stick-meta":"","header-main-stick-meta":"","header-below-stick-meta":""},"acf":[],"wps_subtitle":"","_links":{"self":[{"href":"https:\/\/academy.hivjustice.net\/fr\/wp-json\/wp\/v2\/pages\/14645"}],"collection":[{"href":"https:\/\/academy.hivjustice.net\/fr\/wp-json\/wp\/v2\/pages"}],"about":[{"href":"https:\/\/academy.hivjustice.net\/fr\/wp-json\/wp\/v2\/types\/page"}],"author":[{"embeddable":true,"href":"https:\/\/academy.hivjustice.net\/fr\/wp-json\/wp\/v2\/users\/1"}],"version-history":[{"count":6,"href":"https:\/\/academy.hivjustice.net\/fr\/wp-json\/wp\/v2\/pages\/14645\/revisions"}],"predecessor-version":[{"id":16656,"href":"https:\/\/academy.hivjustice.net\/fr\/wp-json\/wp\/v2\/pages\/14645\/revisions\/16656"}],"wp:attachment":[{"href":"https:\/\/academy.hivjustice.net\/fr\/wp-json\/wp\/v2\/media?parent=14645"}],"curies":[{"name":"wp","href":"https:\/\/api.w.org\/{rel}","templated":true}]}}