{"id":14611,"date":"2022-06-06T12:39:09","date_gmt":"2022-06-06T11:39:09","guid":{"rendered":"https:\/\/academy.hivjustice.net\/?page_id=14611"},"modified":"2022-11-21T10:14:46","modified_gmt":"2022-11-21T10:14:46","slug":"chat","status":"publish","type":"page","link":"https:\/\/academy.hivjustice.net\/fr\/chat\/","title":{"rendered":"Chat"},"content":{"rendered":"<p><span style=\"font-weight: 400;\">Bienvenue sur le Chat de HIV Justice Academy. Vous pouvez l\u2019utiliser tant que vous \u00eates inscrit(e) \u00e0 l\u2019Acad\u00e9mie. Nous vous encourageons \u00e0 l&#8217;utiliser pour alimenter vos propres r\u00e9flexions, mais aussi pour \u00e9changer avec d&#8217;autres \u00e9tudiant(e)s et les aider, exactement comme nous devons nous soutenir mutuellement dans nos activit\u00e9s de plaidoyer. C&#8217;est gr\u00e2ce \u00e0 des communaut\u00e9s de pratique telles que celle-ci que nous parviendrons \u00e0 \u00eatre plus efficaces.<\/span><\/p>\n<hr \/>\n<h5><b>Traductions:<\/b><\/h5>\n<p><span style=\"font-weight: 400;\">Notre communaut\u00e9 \u00e9tant internationale, les gens vont dialoguer en plusieurs langues. <\/span><\/p>\n<ul>\n<li><span style=\"font-weight: 400;\">Vous pouvez saisir votre message dans votre propre langue.<\/span><\/li>\n<li><span style=\"font-weight: 400;\">Vous verrez une option \u00ab\u00a0Traduire\u00a0\u00bb au-dessus des messages d&#8217;autres personnes. S\u00e9lectionnez cette option et le message sera traduit dans la langue que vous avez choisie pour l&#8217;Acad\u00e9mie<\/span>.<\/li>\n<li><span style=\"font-weight: 400;\">Vous pouvez \u00e9galement changer votre \u00ab Langue pr\u00e9f\u00e9r\u00e9e \u00bb et lorsque vous s\u00e9lectionnez \u00ab Traduire \u00bb, c&#8217;est cette langue qui sera utilis\u00e9e<\/span>.<\/li>\n<\/ul>\n<hr \/>\n<h5><b>Comment utiliser le Chat<\/b>:<\/h5>\n<ul>\n<li><span style=\"font-weight: 400;\">Si vous souhaitez modifier les informations qui sont affich\u00e9es \u00e0 votre sujet, rendez-vous sur votre Compte (en utilisant le bouton en haut de l&#8217;\u00e9cran) pour mettre \u00e0 jour les param\u00e8tres de votre profil<\/span>.<\/li>\n<li><span style=\"font-weight: 400;\">N&#8217;oubliez pas de lire et de respecter <\/span><span style=\"font-weight: 400;\">nos <a href=\"https:\/\/academy.hivjustice.net\/fr\/faq\/lignes-directrices-communautaires\/\">lignes directrices communautaires<\/a><\/span>.<\/li>\n<li><span style=\"font-weight: 400;\">Faites attention \u00e0 ce que vous \u00e9crivez, car il n&#8217;est pas possible de modifier ou de supprimer vos messages.<\/span><\/li>\n<li><span style=\"font-weight: 400;\">Si vous discutez d&#8217;une section particuli\u00e8re d&#8217;un cours, n&#8217;oubliez pas de pr\u00e9ciser \u00e0 quoi vous faites r\u00e9f\u00e9rence.<\/span><\/li>\n<li><span style=\"font-weight: 400;\">Vous devez \u00eatre inscrit(e) \u00e0 l&#8217;Acad\u00e9mie pour avoir acc\u00e8s au chat. Si vous n&#8217;\u00eates pas inscrit(e), vous ne pourrez pas voir les messages des autres participants.<\/span><\/li>\n<\/ul>\n<h5><b>Pour nous contacter :<\/b><\/h5>\n<ul>\n<li><span style=\"font-weight: 400;\">Pour obtenir un soutien ou de l&#8217;aide concernant l&#8217;Acad\u00e9mie, veuillez d&#8217;abord consulter la section Aide, sinon envoyez-nous un mail \u00e0 <\/span><a href=\"mailto:academy@hivjustice.net\">academy@hivjustice.net<\/a>.<\/li>\n<\/ul>\n<hr \/>\n<div class=\"ABC\"><\/div>\n","protected":false},"excerpt":{"rendered":"<div class=\"learndash-wrapper\"><a href=\"https:\/\/academy.hivjustice.net\/fr\/learning\/chat\/\" class=\"ld-button ld-button-inline ld-button-small\">Pour en savoir plus <span class=\"ld-icon ld-icon-arrow-right\"><\/span><\/a><\/div>\n","protected":false},"author":1,"featured_media":0,"parent":0,"menu_order":0,"comment_status":"closed","ping_status":"closed","template":"","meta":{"site-sidebar-layout":"default","site-content-layout":"default","ast-global-header-display":"","ast-main-header-display":"","ast-hfb-above-header-display":"","ast-hfb-below-header-display":"","ast-hfb-mobile-header-display":"","site-post-title":"","ast-breadcrumbs-content":"","ast-featured-img":"","footer-sml-layout":"","theme-transparent-header-meta":"default","adv-header-id-meta":"","stick-header-meta":"","header-above-stick-meta":"","header-main-stick-meta":"","header-below-stick-meta":""},"acf":[],"wps_subtitle":"","_links":{"self":[{"href":"https:\/\/academy.hivjustice.net\/fr\/wp-json\/wp\/v2\/pages\/14611"}],"collection":[{"href":"https:\/\/academy.hivjustice.net\/fr\/wp-json\/wp\/v2\/pages"}],"about":[{"href":"https:\/\/academy.hivjustice.net\/fr\/wp-json\/wp\/v2\/types\/page"}],"author":[{"embeddable":true,"href":"https:\/\/academy.hivjustice.net\/fr\/wp-json\/wp\/v2\/users\/1"}],"version-history":[{"count":6,"href":"https:\/\/academy.hivjustice.net\/fr\/wp-json\/wp\/v2\/pages\/14611\/revisions"}],"predecessor-version":[{"id":15345,"href":"https:\/\/academy.hivjustice.net\/fr\/wp-json\/wp\/v2\/pages\/14611\/revisions\/15345"}],"wp:attachment":[{"href":"https:\/\/academy.hivjustice.net\/fr\/wp-json\/wp\/v2\/media?parent=14611"}],"curies":[{"name":"wp","href":"https:\/\/api.w.org\/{rel}","templated":true}]}}