{"id":14839,"date":"2022-06-06T12:39:09","date_gmt":"2022-06-06T11:39:09","guid":{"rendered":"https:\/\/academy.hivjustice.net\/?page_id=14839"},"modified":"2022-10-24T01:01:45","modified_gmt":"2022-10-24T00:01:45","slug":"chat","status":"publish","type":"page","link":"https:\/\/academy.hivjustice.net\/es\/chat\/","title":{"rendered":"Chat"},"content":{"rendered":"<p><span style=\"font-weight: 400;\">Le damos la bienvenida al chat de HIV Justice Academy, al que podr\u00e1 acceder por haberse registrado en la Academia. Le recomendamos que lo utilice tanto para expresar sus pensamientos, como para aprender de otros estudiantes y ayudarlos (del mismo modo en que deber\u00edamos apoyarnos mutuamente en la defensa). A trav\u00e9s de comunidades de pr\u00e1ctica como esta lograremos mejores resultados.<\/span><\/p>\n<hr \/>\n<h5><strong>Traducciones:<\/strong><\/h5>\n<p><span style=\"font-weight: 400;\">Al ser parte de una comunidad global, las personas estar\u00e1n conversando en varios idiomas.\u00a0<\/span><\/p>\n<ul>\n<li style=\"font-weight: 400;\" aria-level=\"1\"><span style=\"font-weight: 400;\">Puede escribir su mensaje en su propio idioma.\u00a0<\/span><\/li>\n<li style=\"font-weight: 400;\" aria-level=\"1\"><span style=\"font-weight: 400;\">Ver\u00e1 que arriba de cada mensaje de las otras personas existe la opci\u00f3n de \u201cTraducir\u201d.\u00a0 Seleccione esa opci\u00f3n y se traducir\u00e1 el mensaje al idioma que haya seleccionado para la Academia.\u00a0<\/span><\/li>\n<li style=\"font-weight: 400;\" aria-level=\"1\"><span style=\"font-weight: 400;\">Como otra opci\u00f3n, puede cambiar su \u201cIdioma de preferencia\u201d y cuando seleccione \u201cTraducir\u201d, se usar\u00e1 ese idioma en su lugar.<\/span><\/li>\n<\/ul>\n<hr \/>\n<h5>C\u00f3mo utilizar el chat:<\/h5>\n<ul>\n<li style=\"font-weight: 400;\" aria-level=\"1\"><span style=\"font-weight: 400;\">Si desea cambiar la informaci\u00f3n que se muestra sobre usted, vaya a la p\u00e1gina de \u201cMi Cuenta\u201d (utilizando el bot\u00f3n en la parte superior de la pantalla) para actualizar la configuraci\u00f3n de su perfil.<\/span><\/li>\n<li style=\"font-weight: 400;\" aria-level=\"1\"><span style=\"font-weight: 400;\">Recuerde leer y seguir nuestras <\/span><a href=\"https:\/\/academy.hivjustice.net\/es\/faq\/pautas-comunitarias\/\" target=\"_blank\" rel=\"noopener\"><span style=\"font-weight: 400;\">pautas<\/span><span style=\"font-weight: 400;\"> comunitarias<\/span><\/a><span style=\"font-weight: 400;\">.<\/span><\/li>\n<li style=\"font-weight: 400;\" aria-level=\"1\"><span style=\"font-weight: 400;\">Procure prestar atenci\u00f3n a lo que escribe, ya que no es posible editar o eliminar los mensajes.\u00a0<\/span><\/li>\n<li style=\"font-weight: 400;\" aria-level=\"1\"><span style=\"font-weight: 400;\">Si est\u00e1 conversando sobre una parte en particular de un curso, recuerde mencionar a qu\u00e9 se refiere.<\/span><\/li>\n<li style=\"font-weight: 400;\" aria-level=\"1\"><span style=\"font-weight: 400;\">Para tener acceso al chat, es necesario haberse registrado en un curso de la Academia. Si no se ha registrado, no podr\u00e1 ver ninguno de los chats de otras personas.<\/span><\/li>\n<\/ul>\n<h5><strong>Cont\u00e1ctenos:<\/strong><\/h5>\n<ul>\n<li><span style=\"font-weight: 400;\">Para solicitar apoyo u orientaci\u00f3n sobre la Academia, por favor consulte la secci\u00f3n Ayuda. Si su consulta no se resuelve con la informaci\u00f3n ah\u00ed disponible, puede contactarnos al correo electr\u00f3nico <a href=\"mailto:academy@hivjustice.net\" target=\"_blank\" rel=\"noopener\">academy@hivjustice.net<\/a>.<\/span><\/li>\n<\/ul>\n<hr \/>\n<div class=\"ABC\"><\/div>\n","protected":false},"excerpt":{"rendered":"<div class=\"learndash-wrapper\"><a href=\"https:\/\/academy.hivjustice.net\/es\/learning\/chat\/\" class=\"ld-button ld-button-inline ld-button-small\">Conozca m\u00e1s <span class=\"ld-icon ld-icon-arrow-right\"><\/span><\/a><\/div>\n","protected":false},"author":1,"featured_media":0,"parent":0,"menu_order":0,"comment_status":"closed","ping_status":"closed","template":"","meta":{"site-sidebar-layout":"default","site-content-layout":"default","ast-global-header-display":"","ast-main-header-display":"","ast-hfb-above-header-display":"","ast-hfb-below-header-display":"","ast-hfb-mobile-header-display":"","site-post-title":"","ast-breadcrumbs-content":"","ast-featured-img":"","footer-sml-layout":"","theme-transparent-header-meta":"default","adv-header-id-meta":"","stick-header-meta":"","header-above-stick-meta":"","header-main-stick-meta":"","header-below-stick-meta":""},"acf":[],"wps_subtitle":"","_links":{"self":[{"href":"https:\/\/academy.hivjustice.net\/es\/wp-json\/wp\/v2\/pages\/14839"}],"collection":[{"href":"https:\/\/academy.hivjustice.net\/es\/wp-json\/wp\/v2\/pages"}],"about":[{"href":"https:\/\/academy.hivjustice.net\/es\/wp-json\/wp\/v2\/types\/page"}],"author":[{"embeddable":true,"href":"https:\/\/academy.hivjustice.net\/es\/wp-json\/wp\/v2\/users\/1"}],"version-history":[{"count":5,"href":"https:\/\/academy.hivjustice.net\/es\/wp-json\/wp\/v2\/pages\/14839\/revisions"}],"predecessor-version":[{"id":14844,"href":"https:\/\/academy.hivjustice.net\/es\/wp-json\/wp\/v2\/pages\/14839\/revisions\/14844"}],"wp:attachment":[{"href":"https:\/\/academy.hivjustice.net\/es\/wp-json\/wp\/v2\/media?parent=14839"}],"curies":[{"name":"wp","href":"https:\/\/api.w.org\/{rel}","templated":true}]}}