{"id":14805,"date":"2022-08-23T22:16:04","date_gmt":"2022-08-23T21:16:04","guid":{"rendered":"https:\/\/academy.hivjustice.net\/?page_id=14805"},"modified":"2023-03-22T19:15:05","modified_gmt":"2023-03-22T19:15:05","slug":"account","status":"publish","type":"page","link":"https:\/\/academy.hivjustice.net\/es\/account\/","title":{"rendered":"Su cuenta"},"content":{"rendered":"<div id=\"user-registration\" class=\"user-registration\">\n\n\n<div class=\"ur-frontend-form login \" id=\"ur-frontend-form\">\n\n\t<form class=\"user-registration-form user-registration-form-login login\" method=\"post\">\n\t\t<div class=\"ur-form-row\">\n\t\t\t<div class=\"ur-form-grid\">\n\t\t\t\t\t\t\t\t\t<p><strong>Para tomar un curso, debe tener una cuenta registrada en la Academia<\/strong><\/p><p>Si ya se registr\u00f3, inicie sesi\u00f3n aqu\u00ed. \n Si a\u00fan no lo ha hecho, puede crear su cuenta abajo <\/p>\t\t\t\t\t<p class=\"user-registration-form-row user-registration-form-row--wide form-row form-row-wide\">\n\t\t\t\t\t\t<label for=\"username\">Direcci\u00f3n de correo electr\u00f3nico <span class=\"required\">*<\/span><\/label>\t\t\t\t\t\t<span class=\"input-wrapper\">\n\t\t\t\t\t\t<input placeholder=\"\" type=\"text\" class=\"user-registration-Input user-registration-Input--text input-text\" name=\"username\" id=\"username\" value=\"\" style=\"\"\/>\n\t\t\t\t\t\t\t\t\t\t\t\t<\/span>\n\t\t\t\t\t<\/p>\n\t\t\t\t\t<p class=\"user-registration-form-row user-registration-form-row--wide form-row form-row-wide hide_show_password\">\n\t\t\t\t\t\t<label for=\"password\">Contrase\u00f1a <span class=\"required\">*<\/span><\/label>\t\t\t\t\t\t<span class=\"input-wrapper\">\n\t\t\t\t\t\t<span class=\"password-input-group\">\n\t\t\t\t\t\t<input placeholder=\"\" class=\"user-registration-Input user-registration-Input--text input-text\" type=\"password\" name=\"password\" id=\"password\" style=\"\" \/>\n\n\t\t\t\t\t\t\t\t\t\t\t\t<a href=\"javaScript:void(0)\" class=\"password_preview dashicons dashicons-hidden\" title=\"Show password\"><\/a>\n\t\t\t\t\t\t<\/span>\n\t\t\t\t\t\t\t\t\t\t\t\t\t\t\t\t\t\t\t<\/span>\n\t\t\t\t\t<\/p>\n\n\t\t\t\t\t\n\t\t\t\t\t\n\t\t\t\t\t<p class=\"form-row\">\n\t\t\t\t\t\t<input type=\"hidden\" id=\"user-registration-login-nonce\" name=\"user-registration-login-nonce\" value=\"2227f5b784\" \/><input type=\"hidden\" name=\"_wp_http_referer\" value=\"\/es\/wp-json\/wp\/v2\/pages\/14805\" \/>\t\t\t\t\t\t<div>\n\t\t\t\t\t\t\t\t\t\t\t\t\t\t<input type=\"submit\" class=\"user-registration-Button button \" name=\"login\" value=\"Iniciar sesi\u00f3n\" \/>\n\t\t\t\t\t\t\t\t\t\t\t\t\t<\/div>\n\t\t\t\t\t\t<input type=\"hidden\" name=\"redirect\" value=\"\" \/>\n\t\t\t\t\t\t\t\t\t\t\t\t\t\t<label class=\"user-registration-form__label user-registration-form__label-for-checkbox inline\">\n\t\t\t\t\t\t\t\t\t<input class=\"user-registration-form__input user-registration-form__input-checkbox\" name=\"rememberme\" type=\"checkbox\" id=\"rememberme\" value=\"forever\" \/> <span>Recordarme<\/span>\n\t\t\t\t\t\t\t\t<\/label>\n\t\t\t\t\t\t\t\t\t\t\t\t\t<\/p>\n\n\t\t\t\t\t\t\t\t\t\t\t\t\t<p class=\"user-registration-LostPassword lost_password\">\n\t\t\t\t\t\t\t\t\t<a href=\"https:\/\/academy.hivjustice.net\/account\/lost-password\/\">\u00bfHa perdido su contrase\u00f1a?<\/a>\n\t\t\t\t\t\t\t\t<\/p>\n\t\t\t\t\t\t\t\n\t\t\t\t\t<p class=\"user-registration-register register\">\t\t\t\t\t\t\t\t<a href=\"\/es\/account\/register\"> \u00bfA\u00fan no se ha registrado? Reg\u00edstrese ahora\t\t\t\t\t\t\t\t\t<\/a>\n\t\t\t\t\t\t\t\t<\/p>\t\t\t\t\t\t\t\t<\/div>\n\t\t<\/div>\n\t<\/form>\n\n<\/div>\n\n<\/div>\n","protected":false},"excerpt":{"rendered":"<div class=\"learndash-wrapper\"><a href=\"https:\/\/academy.hivjustice.net\/es\/learning\/account\/\" class=\"ld-button ld-button-inline ld-button-small\">Conozca m\u00e1s <span class=\"ld-icon ld-icon-arrow-right\"><\/span><\/a><\/div>\n","protected":false},"author":1,"featured_media":0,"parent":0,"menu_order":0,"comment_status":"closed","ping_status":"closed","template":"","meta":{"site-sidebar-layout":"default","site-content-layout":"default","ast-global-header-display":"","ast-main-header-display":"","ast-hfb-above-header-display":"","ast-hfb-below-header-display":"","ast-hfb-mobile-header-display":"","site-post-title":"","ast-breadcrumbs-content":"","ast-featured-img":"","footer-sml-layout":"","theme-transparent-header-meta":"default","adv-header-id-meta":"","stick-header-meta":"","header-above-stick-meta":"","header-main-stick-meta":"","header-below-stick-meta":""},"acf":[],"wps_subtitle":"","_links":{"self":[{"href":"https:\/\/academy.hivjustice.net\/es\/wp-json\/wp\/v2\/pages\/14805"}],"collection":[{"href":"https:\/\/academy.hivjustice.net\/es\/wp-json\/wp\/v2\/pages"}],"about":[{"href":"https:\/\/academy.hivjustice.net\/es\/wp-json\/wp\/v2\/types\/page"}],"author":[{"embeddable":true,"href":"https:\/\/academy.hivjustice.net\/es\/wp-json\/wp\/v2\/users\/1"}],"version-history":[{"count":3,"href":"https:\/\/academy.hivjustice.net\/es\/wp-json\/wp\/v2\/pages\/14805\/revisions"}],"predecessor-version":[{"id":14808,"href":"https:\/\/academy.hivjustice.net\/es\/wp-json\/wp\/v2\/pages\/14805\/revisions\/14808"}],"wp:attachment":[{"href":"https:\/\/academy.hivjustice.net\/es\/wp-json\/wp\/v2\/media?parent=14805"}],"curies":[{"name":"wp","href":"https:\/\/api.w.org\/{rel}","templated":true}]}}