{"id":14772,"date":"2022-09-07T23:43:14","date_gmt":"2022-09-07T22:43:14","guid":{"rendered":"https:\/\/academy.hivjustice.net\/?page_id=14772"},"modified":"2022-12-05T22:01:58","modified_gmt":"2022-12-05T22:01:58","slug":"cursos-recursos-externos","status":"publish","type":"page","link":"https:\/\/academy.hivjustice.net\/es\/cursos-recursos-externos\/","title":{"rendered":"Cursos y recursos externos"},"content":{"rendered":"<p><span style=\"font-weight: 400;\">Otras organizaciones con las que colaboramos ofrecen los siguientes cursos y materiales de aprendizaje, dirigidos a diversos tipos de p\u00fablicos e impartidos en distintos formatos.<\/span><\/p>\n<p>Los recursos s\u00f3lo est\u00e1n disponibles en ingl\u00e9s, a menos que se especifique lo contrario.<\/p>\n","protected":false},"excerpt":{"rendered":"<div class=\"learndash-wrapper\"><a href=\"https:\/\/academy.hivjustice.net\/es\/learning\/cursos-recursos-externos\/\" class=\"ld-button ld-button-inline ld-button-small\">Conozca m\u00e1s <span class=\"ld-icon ld-icon-arrow-right\"><\/span><\/a><\/div>\n","protected":false},"author":1,"featured_media":0,"parent":0,"menu_order":0,"comment_status":"closed","ping_status":"closed","template":"","meta":{"site-sidebar-layout":"default","site-content-layout":"default","ast-global-header-display":"","ast-main-header-display":"","ast-hfb-above-header-display":"","ast-hfb-below-header-display":"","ast-hfb-mobile-header-display":"","site-post-title":"","ast-breadcrumbs-content":"","ast-featured-img":"","footer-sml-layout":"","theme-transparent-header-meta":"default","adv-header-id-meta":"","stick-header-meta":"","header-above-stick-meta":"","header-main-stick-meta":"","header-below-stick-meta":""},"acf":[],"wps_subtitle":"","_links":{"self":[{"href":"https:\/\/academy.hivjustice.net\/es\/wp-json\/wp\/v2\/pages\/14772"}],"collection":[{"href":"https:\/\/academy.hivjustice.net\/es\/wp-json\/wp\/v2\/pages"}],"about":[{"href":"https:\/\/academy.hivjustice.net\/es\/wp-json\/wp\/v2\/types\/page"}],"author":[{"embeddable":true,"href":"https:\/\/academy.hivjustice.net\/es\/wp-json\/wp\/v2\/users\/1"}],"version-history":[{"count":6,"href":"https:\/\/academy.hivjustice.net\/es\/wp-json\/wp\/v2\/pages\/14772\/revisions"}],"predecessor-version":[{"id":15613,"href":"https:\/\/academy.hivjustice.net\/es\/wp-json\/wp\/v2\/pages\/14772\/revisions\/15613"}],"wp:attachment":[{"href":"https:\/\/academy.hivjustice.net\/es\/wp-json\/wp\/v2\/media?parent=14772"}],"curies":[{"name":"wp","href":"https:\/\/api.w.org\/{rel}","templated":true}]}}